{"id":478,"date":"2014-02-08T14:07:11","date_gmt":"2014-02-08T12:07:11","guid":{"rendered":"http:\/\/www.marinaioteatro.com\/?page_id=478"},"modified":"2016-06-04T01:34:41","modified_gmt":"2016-06-03T23:34:41","slug":"press","status":"publish","type":"page","link":"http:\/\/www.marinaioteatro.com\/?page_id=478","title":{"rendered":"PRESS &#038; LINKS"},"content":{"rendered":"<p>FLORESTA DEBAIXO DO MAR &#8211; FOREST UNDER THE SEA | 2015<\/p>\n<p><a href=\"http:\/\/www.bahiadelivery.com\/#!teatro\/c1cyk\/5603e8380cf2f0ed7a1fde9e\" target=\"_blank\">http:\/\/www.bahiadelivery.com\/#!teatro\/c1cyk\/5603e8380cf2f0ed7a1fde9e<\/a><\/p>\n<p><a href=\"http:\/\/g1.globo.com\/bahia\/noticia\/2015\/09\/peca-flores-debaixo-do-mar-entra-em-cartaz-no-espaco-da-barroquinha.html\" target=\"_blank\">http:\/\/g1.globo.com\/bahia\/noticia\/2015\/09\/peca-flores-debaixo-do-mar-entra-em-cartaz-no-espaco-da-barroquinha.html<\/a><\/p>\n<p><a href=\"http:\/\/www.aratuonline.com.br\/noticias\/floresta-debaixo-do-mar-estreia-no-espaco-cultural-da-barroquinha\/\" target=\"_blank\">http:\/\/www.aratuonline.com.br\/noticias\/floresta-debaixo-do-mar-estreia-no-espaco-cultural-da-barroquinha\/<\/a><\/p>\n<p><a href=\"http:\/\/www.maiscamacari.com.br\/index.php\/2015\/09\/25\/peca-floresta-debaixo-do-mar-entra-em-cartaz-no-espaco-da-barroquinha\/\" target=\"_blank\">http:\/\/www.maiscamacari.com.br\/index.php\/2015\/09\/25\/peca-floresta-debaixo-do-mar-entra-em-cartaz-no-espaco-da-barroquinha\/<\/a><\/p>\n<p><a href=\"http:\/\/ssaporestefanodiaz.blogspot.com.br\/2015\/09\/floresta-debaixo-do-mar-estreia-no.html\" target=\"_blank\">http:\/\/ssaporestefanodiaz.blogspot.com.br\/2015\/09\/floresta-debaixo-do-mar-estreia-no.html<\/a><\/p>\n<p><a href=\"http:\/\/www.correio24horas.com.br\/single-guia\/noticia\/misterio-tormento-e-morte-permeiam-montagem-dirigida-por-paula-lice\/?cHash=0bf04337493df8c4b6f9f2de5c4176d8\" target=\"_blank\">http:\/\/www.correio24horas.com.br\/single-guia\/noticia\/misterio-tormento-e-morte-permeiam-montagem-dirigida-por-paula-lice\/?cHash=0bf04337493df8c4b6f9f2de5c4176d8<\/a><\/p>\n<p><a href=\"http:\/\/www.bahiaja.com.br\/cultura\/noticia\/2015\/10\/07\/floresta-debaixo-do-mar-em-cartaz-no-espaco-cultura-da-barroquinha,85937,0.html\" target=\"_blank\">http:\/\/www.bahiaja.com.br\/cultura\/noticia\/2015\/10\/07\/floresta-debaixo-do-mar-em-cartaz-no-espaco-cultura-da-barroquinha,85937,0.html<\/a><\/p>\n<p><a href=\"https:\/\/salvadoretc.wordpress.com\/2015\/10\/14\/floresta-debaixo-do-mar-no-centro-cultural-da-barroquinha\/\" target=\"_blank\">https:\/\/salvadoretc.wordpress.com\/2015\/10\/14\/floresta-debaixo-do-mar-no-centro-cultural-da-barroquinha\/<\/a><\/p>\n<p><a href=\"http:\/\/www.correio24horas.com.br\/blogs\/telma-alvarenga\/?tag=floresta-debaixo-do-mar\" target=\"_blank\">http:\/\/www.correio24horas.com.br\/blogs\/telma-alvarenga\/?tag=floresta-debaixo-do-mar<\/a><\/p>\n<p><a href=\"http:\/\/siic.cultura.ba.gov.br\/clique_fomento\/propostas\/pdf_proposta_simplificada\/11491\" target=\"_blank\">http:\/\/siic.cultura.ba.gov.br\/clique_fomento\/propostas\/pdf_proposta_simplificada\/11491<\/a><\/p>\n<p><a href=\"http:\/\/www.waldineypassos.com.br\/espetaculo-circulacao-floresta-debaixo-do-mar-chega-a-juazeiro\/\" target=\"_blank\">http:\/\/www.waldineypassos.com.br\/espetaculo-circulacao-floresta-debaixo-do-mar-chega-a-juazeiro\/<\/a><\/p>\n<p><a href=\"http:\/\/www.correio24horas.com.br\/blogs\/telma-alvarenga\/?tag=floresta-debaixo-do-mar\" target=\"_blank\">http:\/\/www.correio24horas.com.br\/blogs\/telma-alvarenga\/?tag=floresta-debaixo-do-mar<\/a><\/p>\n<p><a href=\"http:\/\/g1.globo.com\/bahia\/noticia\/2015\/09\/peca-flores-debaixo-do-mar-entra-em-cartaz-no-espaco-da-barroquinha.html\" target=\"_blank\">http:\/\/g1.globo.com\/bahia\/noticia\/2015\/09\/peca-flores-debaixo-do-mar-entra-em-cartaz-no-espaco-da-barroquinha.html<\/a><\/p>\n<p><a href=\"http:\/\/www.cultura.ba.gov.br\/2016\/03\/11317\/Espetaculo-fruto-de-cooperacao-internacional-circula-no-interior-da-Bahia.html\" target=\"_blank\">http:\/\/www.cultura.ba.gov.br\/2016\/03\/11317\/Espetaculo-fruto-de-cooperacao-internacional-circula-no-interior-da-Bahia.html<\/a><\/p>\n<p><a href=\"http:\/\/irenedoris.blogspot.com.br\/2016\/04\/floresta-debaixo-do-mar-o-que-e-verdade.html\" target=\"_blank\">http:\/\/irenedoris.blogspot.com.br\/2016\/04\/floresta-debaixo-do-mar-o-que-e-verdade.html<\/a><\/p>\n<p><a href=\"http:\/\/www.cultura.ba.gov.br\/modules\/noticias\/makepdf.php?storyid=11317\" target=\"_blank\">http:\/\/www.cultura.ba.gov.br\/modules\/noticias\/makepdf.php?storyid=11317<\/a><\/p>\n<p><a href=\"http:\/\/blogedenevaldoalves.com.br\/espetaculo-fruto-de-cooperacao-internacional-chega-a-juazeiro\/\" target=\"_blank\">http:\/\/blogedenevaldoalves.com.br\/espetaculo-fruto-de-cooperacao-internacional-chega-a-juazeiro\/<\/a><\/p>\n<p><a href=\"http:\/\/www.geraldojose.com.br\/index.php?sessao=noticia&amp;cod_noticia=73798\" target=\"_blank\">http:\/\/www.geraldojose.com.br\/index.php?sessao=noticia&amp;cod_noticia=73798<\/a><\/p>\n<p><a href=\"http:\/\/carlosbritto.ne10.uol.com.br\/tag\/centro-de-cultura-joao-gilberto\/\" target=\"_blank\">http:\/\/carlosbritto.ne10.uol.com.br\/tag\/centro-de-cultura-joao-gilberto\/<\/a><\/p>\n<p><a href=\"http:\/\/jornaldobaixosul.com.br\/?cat=9\" target=\"_blank\">http:\/\/jornaldobaixosul.com.br\/?cat=9<\/a><\/p>\n<p><a href=\"http:\/\/www.blogwillamescosta.com.br\/espetaculo-fruto-de-cooperacao-internacional-circula-no-interior-da-bahia\/\" target=\"_blank\">http:\/\/www.blogwillamescosta.com.br\/espetaculo-fruto-de-cooperacao-internacional-circula-no-interior-da-bahia\/<\/a><\/p>\n<p><a href=\"http:\/\/valencaagora.com\/valenca-equipe-da-peca-floresta-debaixo-do-mar-se-apresentou-no-centro-de-cultura-olivia-barradas\/\">http:\/\/valencaagora.com\/valenca-equipe-da-peca-floresta-debaixo-do-mar-se-apresentou-no-centro-de-cultura-olivia-barradas\/<\/a><\/p>\n<p><a href=\"http:\/\/agendacultural.ba.gov.br\/circulacao-floresta-debaixo-do-mar-conexao-grecia-brasil-guanambi\/\">http:\/\/agendacultural.ba.gov.br\/circulacao-floresta-debaixo-do-mar-conexao-grecia-brasil-guanambi\/<\/a><\/p>\n<p><a href=\"http:\/\/guanambifm.com.br\/2016\/03\/22\/espetaculo-fruto-de-cooperacao-internacional-circula-no-interior-da-bahia\/\">http:\/\/guanambifm.com.br\/2016\/03\/22\/espetaculo-fruto-de-cooperacao-internacional-circula-no-interior-da-bahia\/<\/a><\/p>\n<p><a href=\"http:\/\/guanambifm.com.br\/2016\/05\/24\/conexao-grecia-brasil-na-bahia-encerrou-com-grande-sucesso-na-cidade-de-guanambiba\/\">http:\/\/guanambifm.com.br\/2016\/05\/24\/conexao-grecia-brasil-na-bahia-encerrou-com-grande-sucesso-na-cidade-de-guanambiba\/<\/a><\/p>\n<p>Teaser:\u00a0<a href=\"https:\/\/www.youtube.com\/watch?v=yksooiUtu9w\" target=\"_blank\">https:\/\/www.youtube.com\/watch?v=yksooiUtu9w<\/a><\/p>\n<p>&nbsp;<\/p>\n<p>PATRICK E(S)T MOI |\u00a02014-2015<\/p>\n<p><a href=\"http:\/\/www.lepetitjournal.com\/berlin\/a-voir-a-faire\/culture\/185763-patrick-e-s-t-moi-rencontre-avec-christina-kyriazidi-avant-la-premiere-de-son-spectacle-sur-patrick-dewaere\" target=\"_blank\">Interview Christina Kyriazidi about Patrick Dewaere<\/a><\/p>\n<p><a href=\"http:\/\/infothekberlin.podspot.de\/post\/muckefunk-nr-ii\/\" target=\"_blank\">http:\/\/infothekberlin.podspot.de\/post\/muckefunk-nr-ii\/<\/a><\/p>\n<p><a href=\"http:\/\/www.lepetitjournal.com\/berlin\/a-voir-a-faire\/culture\/186346-ftf-5-quand-la-menagerie-fait-son-festival-a-l-acud-theater?utm_source=Oempro&amp;utm_medium=Email&amp;utm_content=Subscriber%233193&amp;utm_campaign=NL+Berlin\" target=\"_blank\">http:\/\/www.lepetitjournal.com\/berlin\/a-voir-a-faire\/culture\/186346-ftf-5-quand-la-menagerie-fait-son-festival-a-l-acud-theater?utm_source=Oempro&amp;utm_medium=Email&amp;utm_content=Subscriber%233193&amp;utm_campaign=NL+Berlin<\/a><\/p>\n<p><a href=\"http:\/\/www.lamenagerie.org\/fr\/component\/content\/article\/22-anitayetait\/867-fetival-theatre-francophone-5\" target=\"_blank\">http:\/\/www.lamenagerie.org\/fr\/component\/content\/article\/22-anitayetait\/867-fetival-theatre-francophone-5<\/a><\/p>\n<p><a href=\"http:\/\/www.swotee.com\/events\/274428\/Patrick-E-S-T-Moi-Les-Mythes-Correspondent-\u00e0-Leur-\u00e9poque_Th\u00e9\u00e2tre-De-Verre\" target=\"_blank\">http:\/\/www.swotee.com\/events\/274428\/Patrick-E-S-T-Moi-Les-Mythes-Correspondent-\u00e0-Leur-\u00e9poque_Th\u00e9\u00e2tre-De-Verre<\/a><\/p>\n<p><a href=\"http:\/\/festival.lamenagerie.org\/de\/sonntag\/\" target=\"_blank\">http:\/\/festival.lamenagerie.org\/de\/sonntag\/<\/a><\/p>\n<p><a href=\"http:\/\/festival.lamenagerie.org\/fr\/dimanche\/\" target=\"_blank\">http:\/\/festival.lamenagerie.org\/fr\/dimanche\/<\/a><\/p>\n<p><a href=\"http:\/\/www.zonize.com\/event\/818506\/patrick-est-moi-theatersolo\" target=\"_blank\">http:\/\/www.zonize.com\/event\/818506\/patrick-est-moi-theatersolo<\/a><\/p>\n<p><a href=\"http:\/\/www.swotee.de\/90987\/Patrick-E-S-T-Moi-Theatersolo\" target=\"_blank\">http:\/\/www.swotee.de\/90987\/Patrick-E-S-T-Moi-Theatersolo<\/a><\/p>\n<p><a href=\"http:\/\/www.zitty.de\/patrick-est-moi.html\" target=\"_blank\">http:\/\/www.zitty.de\/patrick-est-moi.html<\/a><\/p>\n<p><a href=\"http:\/\/www.lepetitjournal.com\/lesbonsplans\/details.php?city=3&amp;type=A&amp;id=32773\" target=\"_blank\">http:\/\/www.lepetitjournal.com\/lesbonsplans\/details.php?city=3&amp;type=A&amp;id=32773<\/a><\/p>\n<p><a href=\"http:\/\/www.themagdalenaproject.org\/es\/content\/patrick-est-moi\" target=\"_blank\">http:\/\/www.themagdalenaproject.org\/es\/content\/patrick-est-moi<\/a><\/p>\n<p><a href=\"https:\/\/br.enjooy.com\/event\/patrick-est-moi-espetaculo-solo-da-atriz-grega-christina-kyriazidi-em-homenagem-ao-ator-frances-patrick-dewaere-na-casa-xis-salvador-sexta-feira-17-07-2015-2018777?locale=br\" target=\"_blank\">https:\/\/br.enjooy.com\/event\/patrick-est-moi-espetaculo-solo-da-atriz-grega-christina-kyriazidi-em-homenagem-ao-ator-frances-patrick-dewaere-na-casa-xis-salvador-sexta-feira-17-07-2015-2018777?locale=br<\/a><\/p>\n<p><a href=\"http:\/\/www.pressreader.com\/brazil\/correio-da-bahia\/20150721\/282071980592010\/TextView\" target=\"_blank\">http:\/\/www.pressreader.com\/brazil\/correio-da-bahia\/20150721\/282071980592010\/TextView<\/a><\/p>\n<p><a href=\"https:\/\/roundtown.com\/event\/14613941\/Vamos-ao-Teatro-Salvador-BR\" target=\"_blank\">https:\/\/roundtown.com\/event\/14613941\/Vamos-ao-Teatro-Salvador-BR<\/a><\/p>\n<p>&nbsp;<\/p>\n<p>THE STRANGER &amp; OTHER ORDINARY TALES | 2014<\/p>\n<p><a href=\"http:\/\/www.berlinda.org\/pt\/cartaz\/7-a-28-de-fevereiro-the-stranger-and-other-ordinary-tales-teatro\/\">http:\/\/www.berlinda.org\/pt\/cartaz\/7-a-28-de-fevereiro-the-stranger-and-other-ordinary-tales-teatro\/<\/a><\/p>\n<p><a href=\"http:\/\/www.zitty.de\/the-stranger-other-ordinary-tales.html\">http:\/\/www.zitty.de\/the-stranger-other-ordinary-tales.html<\/a><\/p>\n<p><a href=\"http:\/\/www.zingarate.com\/network\/berlino\/cosa-fare-questa-settimana-a-berlino-20-26-febbraio-2014.html\">http:\/\/www.zingarate.com\/network\/berlino\/cosa-fare-questa-settimana-a-berlino-20-26-febbraio-2014.html<\/a><\/p>\n<p><a href=\"http:\/\/www.ilmitte.com\/stranger-other-ordinary-tales-teatro\/\">http:\/\/www.ilmitte.com\/stranger-other-ordinary-tales-teatro\/<\/a><\/p>\n<p><a href=\"http:\/\/foerderband.org\/_rubric\/detail.php?nr=13259&amp;rubric=Aktuelles&amp;PHPSESSID=6e6ea4e6f62c9417888b9ae61ca8bbcb\" target=\"_blank\">http:\/\/foerderband.org\/_rubric\/detail.php?nr=13259&amp;rubric=Aktuelles&amp;PHPSESSID=6e6ea4e6f62c9417888b9ae61ca8bbcb<\/a><\/p>\n<p><a href=\"http:\/\/feest.com.de\/The-Stranger-other-ordinary-tales-Berlin-02-22\" target=\"_blank\">http:\/\/feest.com.de\/The-Stranger-other-ordinary-tales-Berlin-02-22<\/a><\/p>\n<p><a href=\"http:\/\/www.tip-berlin.de\/node\/506102\" target=\"_blank\">http:\/\/www.tip-berlin.de\/node\/506102<\/a><\/p>\n<p><a href=\"http:\/\/www.ilmitte.com\/stranger-other-ordinary-tales-teatro\/\" target=\"_blank\">http:\/\/www.ilmitte.com\/stranger-other-ordinary-tales-teatro\/<\/a><\/p>\n<p>&nbsp;<\/p>\n<p>ORIGINS | 2012<\/p>\n<p><a href=\"http:\/\/www.pagina12.com.ar\/diario\/suplementos\/espectaculos\/10-27295-2012-12-13.html\">http:\/\/www.pagina12.com.ar\/diario\/suplementos\/espectaculos\/10-27295-2012-12-13.html<\/a><\/p>\n<p><a href=\"http:\/\/aincrit.org\/detalle.php?id=167\">http:\/\/aincrit.org\/detalle.php?id=167<\/a><\/p>\n<p><a href=\"http:\/\/www.revistaelsotano.com\/caverna-71.html\">http:\/\/www.revistaelsotano.com\/caverna-71.html<\/a><\/p>\n<p><a href=\"http:\/\/www.berliner-teufelsberg.com\/kuenstler.htm\" target=\"_blank\">http:\/\/www.berliner-teufelsberg.com\/kuenstler.htm<\/a><\/p>\n<p><a href=\"http:\/\/www.aincrit.org\/detalle.php?id=167\" target=\"_blank\">http:\/\/www.aincrit.org\/detalle.php?id=167<\/a><\/p>\n<p>&nbsp;<\/p>\n<p>MEMORIES OF A PASSENGER | 2012<\/p>\n<p><a href=\"http:\/\/www.theaterbuendnis.de\/mitarbeiter\/\" target=\"_blank\">http:\/\/www.theaterbuendnis.de\/mitarbeiter\/<\/a><\/p>\n<p>&nbsp;<\/p>\n<p>KNOTS INTERNATIONAL THEATRE FESTIVAL<\/p>\n<p><a href=\"http:\/\/www.alternativateatral.com\/evento1301-festival-internacional-de-teatro-knots-nudos\">http:\/\/www.alternativateatral.com\/evento1301-festival-internacional-de-teatro-knots-nudos<\/a><\/p>\n<p><a href=\"http:\/\/www.periodicolabarra.com.ar\/2013\/01_ene13\/La_barra_Cultura.\" target=\"_blank\">http:\/\/www.periodicolabarra.com.ar\/2013\/01_ene13\/La_barra_Cultura.<\/a><\/p>\n<p>&nbsp;<\/p>\n","protected":false},"excerpt":{"rendered":"<p>FLORESTA DEBAIXO DO MAR &#8211; FOREST UNDER THE SEA | 2015 http:\/\/www.bahiadelivery.com\/#!teatro\/c1cyk\/5603e8380cf2f0ed7a1fde9e http:\/\/g1.globo.com\/bahia\/noticia\/2015\/09\/peca-flores-debaixo-do-mar-entra-em-cartaz-no-espaco-da-barroquinha.html http:\/\/www.aratuonline.com.br\/noticias\/floresta-debaixo-do-mar-estreia-no-espaco-cultural-da-barroquinha\/ http:\/\/www.maiscamacari.com.br\/index.php\/2015\/09\/25\/peca-floresta-debaixo-do-mar-entra-em-cartaz-no-espaco-da-barroquinha\/ http:\/\/ssaporestefanodiaz.blogspot.com.br\/2015\/09\/floresta-debaixo-do-mar-estreia-no.html http:\/\/www.correio24horas.com.br\/single-guia\/noticia\/misterio-tormento-e-morte-permeiam-montagem-dirigida-por-paula-lice\/?cHash=0bf04337493df8c4b6f9f2de5c4176d8 http:\/\/www.bahiaja.com.br\/cultura\/noticia\/2015\/10\/07\/floresta-debaixo-do-mar-em-cartaz-no-espaco-cultura-da-barroquinha,85937,0.html https:\/\/salvadoretc.wordpress.com\/2015\/10\/14\/floresta-debaixo-do-mar-no-centro-cultural-da-barroquinha\/ http:\/\/www.correio24horas.com.br\/blogs\/telma-alvarenga\/?tag=floresta-debaixo-do-mar http:\/\/siic.cultura.ba.gov.br\/clique_fomento\/propostas\/pdf_proposta_simplificada\/11491 http:\/\/www.waldineypassos.com.br\/espetaculo-circulacao-floresta-debaixo-do-mar-chega-a-juazeiro\/ http:\/\/www.correio24horas.com.br\/blogs\/telma-alvarenga\/?tag=floresta-debaixo-do-mar http:\/\/g1.globo.com\/bahia\/noticia\/2015\/09\/peca-flores-debaixo-do-mar-entra-em-cartaz-no-espaco-da-barroquinha.html http:\/\/www.cultura.ba.gov.br\/2016\/03\/11317\/Espetaculo-fruto-de-cooperacao-internacional-circula-no-interior-da-Bahia.html http:\/\/irenedoris.blogspot.com.br\/2016\/04\/floresta-debaixo-do-mar-o-que-e-verdade.html http:\/\/www.cultura.ba.gov.br\/modules\/noticias\/makepdf.php?storyid=11317 http:\/\/blogedenevaldoalves.com.br\/espetaculo-fruto-de-cooperacao-internacional-chega-a-juazeiro\/ http:\/\/www.geraldojose.com.br\/index.php?sessao=noticia&amp;cod_noticia=73798 http:\/\/carlosbritto.ne10.uol.com.br\/tag\/centro-de-cultura-joao-gilberto\/ http:\/\/jornaldobaixosul.com.br\/?cat=9 http:\/\/www.blogwillamescosta.com.br\/espetaculo-fruto-de-cooperacao-internacional-circula-no-interior-da-bahia\/ http:\/\/valencaagora.com\/valenca-equipe-da-peca-floresta-debaixo-do-mar-se-apresentou-no-centro-de-cultura-olivia-barradas\/ http:\/\/agendacultural.ba.gov.br\/circulacao-floresta-debaixo-do-mar-conexao-grecia-brasil-guanambi\/ http:\/\/guanambifm.com.br\/2016\/03\/22\/espetaculo-fruto-de-cooperacao-internacional-circula-no-interior-da-bahia\/ http:\/\/guanambifm.com.br\/2016\/05\/24\/conexao-grecia-brasil-na-bahia-encerrou-com-grande-sucesso-na-cidade-de-guanambiba\/ Teaser:\u00a0https:\/\/www.youtube.com\/watch?v=yksooiUtu9w &nbsp; PATRICK E(S)T MOI |\u00a02014-2015 Interview Christina Kyriazidi about Patrick Dewaere http:\/\/infothekberlin.podspot.de\/post\/muckefunk-nr-ii\/ http:\/\/www.lepetitjournal.com\/berlin\/a-voir-a-faire\/culture\/186346-ftf-5-quand-la-menagerie-fait-son-festival-a-l-acud-theater?utm_source=Oempro&amp;utm_medium=Email&amp;utm_content=Subscriber%233193&amp;utm_campaign=NL+Berlin http:\/\/www.lamenagerie.org\/fr\/component\/content\/article\/22-anitayetait\/867-fetival-theatre-francophone-5 http:\/\/www.swotee.com\/events\/274428\/Patrick-E-S-T-Moi-Les-Mythes-Correspondent-\u00e0-Leur-\u00e9poque_Th\u00e9\u00e2tre-De-Verre http:\/\/festival.lamenagerie.org\/de\/sonntag\/ http:\/\/festival.lamenagerie.org\/fr\/dimanche\/ http:\/\/www.zonize.com\/event\/818506\/patrick-est-moi-theatersolo [&hellip;]<\/p>\n","protected":false},"author":1,"featured_media":0,"parent":0,"menu_order":0,"comment_status":"closed","ping_status":"closed","template":"","meta":{"footnotes":""},"class_list":["post-478","page","type-page","status-publish","hentry"],"_links":{"self":[{"href":"http:\/\/www.marinaioteatro.com\/index.php?rest_route=\/wp\/v2\/pages\/478","targetHints":{"allow":["GET"]}}],"collection":[{"href":"http:\/\/www.marinaioteatro.com\/index.php?rest_route=\/wp\/v2\/pages"}],"about":[{"href":"http:\/\/www.marinaioteatro.com\/index.php?rest_route=\/wp\/v2\/types\/page"}],"author":[{"embeddable":true,"href":"http:\/\/www.marinaioteatro.com\/index.php?rest_route=\/wp\/v2\/users\/1"}],"replies":[{"embeddable":true,"href":"http:\/\/www.marinaioteatro.com\/index.php?rest_route=%2Fwp%2Fv2%2Fcomments&post=478"}],"version-history":[{"count":10,"href":"http:\/\/www.marinaioteatro.com\/index.php?rest_route=\/wp\/v2\/pages\/478\/revisions"}],"predecessor-version":[{"id":942,"href":"http:\/\/www.marinaioteatro.com\/index.php?rest_route=\/wp\/v2\/pages\/478\/revisions\/942"}],"wp:attachment":[{"href":"http:\/\/www.marinaioteatro.com\/index.php?rest_route=%2Fwp%2Fv2%2Fmedia&parent=478"}],"curies":[{"name":"wp","href":"https:\/\/api.w.org\/{rel}","templated":true}]}}